{"id":14994,"date":"2021-12-30T16:28:09","date_gmt":"2021-12-30T16:28:09","guid":{"rendered":"https:\/\/trans.pakumed.de\/certificates\/"},"modified":"2024-10-18T07:47:44","modified_gmt":"2024-10-18T07:47:44","slug":"certificates","status":"publish","type":"page","link":"https:\/\/pakumed.de\/en\/certificates\/","title":{"rendered":"Certificates"},"content":{"rendered":"\t\t<div data-elementor-type=\"wp-page\" data-elementor-id=\"14994\" class=\"elementor elementor-14994 elementor-5343\" data-elementor-post-type=\"page\">\n\t\t\t\t\t\t<section class=\"elementor-section elementor-top-section elementor-element elementor-element-98d212a elementor-section-height-min-height elementor-section-boxed elementor-section-height-default elementor-section-items-middle\" data-id=\"98d212a\" data-element_type=\"section\" data-e-type=\"section\">\n\t\t\t\t\t\t<div class=\"elementor-container elementor-column-gap-default\">\n\t\t\t\t\t<div class=\"elementor-column elementor-col-100 elementor-top-column elementor-element elementor-element-5d88ad4\" data-id=\"5d88ad4\" data-element_type=\"column\" data-e-type=\"column\">\n\t\t\t<div class=\"elementor-widget-wrap elementor-element-populated\">\n\t\t\t\t\t\t<div class=\"elementor-element elementor-element-fddae4c elementor-widget elementor-widget-spacer\" data-id=\"fddae4c\" data-element_type=\"widget\" data-e-type=\"widget\" data-widget_type=\"spacer.default\">\n\t\t\t\t<div class=\"elementor-widget-container\">\n\t\t\t\t\t\t\t<div class=\"elementor-spacer\">\n\t\t\t<div class=\"elementor-spacer-inner\"><\/div>\n\t\t<\/div>\n\t\t\t\t\t\t<\/div>\n\t\t\t\t<\/div>\n\t\t\t\t<div class=\"elementor-element elementor-element-b5c5bef elementor-widget elementor-widget-heading\" data-id=\"b5c5bef\" data-element_type=\"widget\" data-e-type=\"widget\" data-widget_type=\"heading.default\">\n\t\t\t\t<div class=\"elementor-widget-container\">\n\t\t\t\t\t<h2 class=\"elementor-heading-title elementor-size-default\">Our Certificates<\/h2>\t\t\t\t<\/div>\n\t\t\t\t<\/div>\n\t\t\t\t<div class=\"elementor-element elementor-element-3a5c1fc elementor-widget elementor-widget-text-editor\" data-id=\"3a5c1fc\" data-element_type=\"widget\" data-e-type=\"widget\" data-widget_type=\"text-editor.default\">\n\t\t\t\t<div class=\"elementor-widget-container\">\n\t\t\t\t\t\t\t\t\t<p>We are currently in the transition phase from the Medical Device Regulation 93\/42\/EEC (MDD) to the European Medical Device Regulation 2017\/745 (MDR). Upon request, we will gladly send you the confirmation letter of our Notified Body. (Status: 25.06.2024)<\/p>\t\t\t\t\t\t\t\t<\/div>\n\t\t\t\t<\/div>\n\t\t\t\t<section class=\"elementor-section elementor-inner-section elementor-element elementor-element-2271452 elementor-section-boxed elementor-section-height-default elementor-section-height-default\" data-id=\"2271452\" data-element_type=\"section\" data-e-type=\"section\">\n\t\t\t\t\t\t<div class=\"elementor-container elementor-column-gap-default\">\n\t\t\t\t\t<div class=\"elementor-column elementor-col-100 elementor-inner-column elementor-element elementor-element-f07d38e\" data-id=\"f07d38e\" data-element_type=\"column\" data-e-type=\"column\">\n\t\t\t<div class=\"elementor-widget-wrap elementor-element-populated\">\n\t\t\t\t\t\t<div class=\"elementor-element elementor-element-34563cb elementor-widget elementor-widget-heading\" data-id=\"34563cb\" data-element_type=\"widget\" data-e-type=\"widget\" data-widget_type=\"heading.default\">\n\t\t\t\t<div class=\"elementor-widget-container\">\n\t\t\t\t\t<h3 class=\"elementor-heading-title elementor-size-default\">T\u00dcV NORD ISO 13485<\/h3>\t\t\t\t<\/div>\n\t\t\t\t<\/div>\n\t\t\t\t<div class=\"elementor-element elementor-element-685f37c gallery-spacing-custom elementor-widget elementor-widget-image-gallery\" data-id=\"685f37c\" data-element_type=\"widget\" data-e-type=\"widget\" data-widget_type=\"image-gallery.default\">\n\t\t\t\t<div class=\"elementor-widget-container\">\n\t\t\t\t\t\t\t<div class=\"elementor-image-gallery\">\n\t\t\t<div id='gallery-1' class='gallery galleryid-14994 gallery-columns-1 gallery-size-medium'><figure class='gallery-item'>\n\t\t\t<div class='gallery-icon landscape'>\n\t\t\t\t<a data-elementor-open-lightbox=\"yes\" data-elementor-lightbox-slideshow=\"685f37c\" data-elementor-lightbox-title=\"ISO\" data-e-action-hash=\"#elementor-action%3Aaction%3Dlightbox%26settings%3DeyJpZCI6MTk0MjMsInVybCI6Imh0dHBzOlwvXC9wYWt1bWVkLmRlXC93cC1jb250ZW50XC91cGxvYWRzXC8yMDI0XC8wNlwvSVNPLnBuZyIsInNsaWRlc2hvdyI6IjY4NWYzN2MifQ%3D%3D\" href='https:\/\/pakumed.de\/wp-content\/uploads\/2024\/06\/ISO.png'><img fetchpriority=\"high\" decoding=\"async\" width=\"300\" height=\"227\" src=\"https:\/\/pakumed.de\/wp-content\/uploads\/2024\/06\/ISO-300x227.png\" class=\"attachment-medium size-medium\" alt=\"\" srcset=\"https:\/\/pakumed.de\/wp-content\/uploads\/2024\/06\/ISO-300x227.png 300w, https:\/\/pakumed.de\/wp-content\/uploads\/2024\/06\/ISO-768x582.png 768w, https:\/\/pakumed.de\/wp-content\/uploads\/2024\/06\/ISO-600x454.png 600w, https:\/\/pakumed.de\/wp-content\/uploads\/2024\/06\/ISO.png 799w\" sizes=\"(max-width: 300px) 100vw, 300px\" \/><\/a>\n\t\t\t<\/div><\/figure>\n\t\t<\/div>\n\t\t<\/div>\n\t\t\t\t\t\t<\/div>\n\t\t\t\t<\/div>\n\t\t\t\t<div class=\"elementor-element elementor-element-a913c6b elementor-align-center elementor-mobile-align-center elementor-widget elementor-widget-button\" data-id=\"a913c6b\" data-element_type=\"widget\" data-e-type=\"widget\" data-widget_type=\"button.default\">\n\t\t\t\t<div class=\"elementor-widget-container\">\n\t\t\t\t\t\t\t\t\t<div class=\"elementor-button-wrapper\">\n\t\t\t\t\t<a class=\"elementor-button elementor-button-link elementor-size-sm elementor-animation-grow\" href=\"https:\/\/pakumed.de\/wp-content\/uploads\/2024\/10\/TNC-DIN-EN-ISO-13485-2021_gueltig-bis-10.2027.pdf\" target=\"_blank\">\n\t\t\t\t\t\t<span class=\"elementor-button-content-wrapper\">\n\t\t\t\t\t\t\t\t\t<span class=\"elementor-button-text\">Download<\/span>\n\t\t\t\t\t<\/span>\n\t\t\t\t\t<\/a>\n\t\t\t\t<\/div>\n\t\t\t\t\t\t\t\t<\/div>\n\t\t\t\t<\/div>\n\t\t\t\t\t<\/div>\n\t\t<\/div>\n\t\t\t\t\t<\/div>\n\t\t<\/section>\n\t\t\t\t<section class=\"elementor-section elementor-inner-section elementor-element elementor-element-b4d9674 elementor-section-boxed elementor-section-height-default elementor-section-height-default\" data-id=\"b4d9674\" data-element_type=\"section\" data-e-type=\"section\">\n\t\t\t\t\t\t<div class=\"elementor-container elementor-column-gap-default\">\n\t\t\t\t\t<div class=\"elementor-column elementor-col-100 elementor-inner-column elementor-element elementor-element-5c68431\" data-id=\"5c68431\" data-element_type=\"column\" data-e-type=\"column\">\n\t\t\t<div class=\"elementor-widget-wrap elementor-element-populated\">\n\t\t\t\t\t\t<div class=\"elementor-element elementor-element-26daab9 elementor-widget elementor-widget-heading\" data-id=\"26daab9\" data-element_type=\"widget\" data-e-type=\"widget\" data-widget_type=\"heading.default\">\n\t\t\t\t<div class=\"elementor-widget-container\">\n\t\t\t\t\t<h3 class=\"elementor-heading-title elementor-size-default\">T\u00dcV NORD Annex II without 4<\/h3>\t\t\t\t<\/div>\n\t\t\t\t<\/div>\n\t\t\t\t<div class=\"elementor-element elementor-element-a46731b elementor-align-center elementor-mobile-align-center elementor-widget elementor-widget-button\" data-id=\"a46731b\" data-element_type=\"widget\" data-e-type=\"widget\" data-widget_type=\"button.default\">\n\t\t\t\t<div class=\"elementor-widget-container\">\n\t\t\t\t\t\t\t\t\t<div class=\"elementor-button-wrapper\">\n\t\t\t\t\t<a class=\"elementor-button elementor-button-link elementor-size-sm elementor-animation-grow\" href=\"https:\/\/pakumed.de\/wp-content\/uploads\/2022\/04\/TNC_Anhang_II_ohne_4.pdf\" target=\"_blank\">\n\t\t\t\t\t\t<span class=\"elementor-button-content-wrapper\">\n\t\t\t\t\t\t\t\t\t<span class=\"elementor-button-text\">Download<\/span>\n\t\t\t\t\t<\/span>\n\t\t\t\t\t<\/a>\n\t\t\t\t<\/div>\n\t\t\t\t\t\t\t\t<\/div>\n\t\t\t\t<\/div>\n\t\t\t\t<div class=\"elementor-element elementor-element-5b418e4 gallery-spacing-custom elementor-widget elementor-widget-image-gallery\" data-id=\"5b418e4\" data-element_type=\"widget\" data-e-type=\"widget\" data-widget_type=\"image-gallery.default\">\n\t\t\t\t<div class=\"elementor-widget-container\">\n\t\t\t\t\t\t\t<div class=\"elementor-image-gallery\">\n\t\t\t<div id='gallery-2' class='gallery galleryid-14994 gallery-columns-2 gallery-size-medium'><figure class='gallery-item'>\n\t\t\t<div class='gallery-icon landscape'>\n\t\t\t\t<a data-elementor-open-lightbox=\"yes\" data-elementor-lightbox-slideshow=\"5b418e4\" data-elementor-lightbox-title=\"TNC_Anhang_II_ohne_4_1\" data-e-action-hash=\"#elementor-action%3Aaction%3Dlightbox%26settings%3DeyJpZCI6MTQ2ODYsInVybCI6Imh0dHBzOlwvXC9wYWt1bWVkLmRlXC93cC1jb250ZW50XC91cGxvYWRzXC8yMDIyXC8wNFwvVE5DX0FuaGFuZ19JSV9vaG5lXzRfMS5qcGciLCJzbGlkZXNob3ciOiI1YjQxOGU0In0%3D\" href='https:\/\/pakumed.de\/wp-content\/uploads\/2022\/04\/TNC_Anhang_II_ohne_4_1.jpg'><img decoding=\"async\" width=\"300\" height=\"248\" src=\"https:\/\/pakumed.de\/wp-content\/uploads\/2022\/04\/TNC_Anhang_II_ohne_4_1-300x248.jpg\" class=\"attachment-medium size-medium\" alt=\"\" srcset=\"https:\/\/pakumed.de\/wp-content\/uploads\/2022\/04\/TNC_Anhang_II_ohne_4_1-300x248.jpg 300w, https:\/\/pakumed.de\/wp-content\/uploads\/2022\/04\/TNC_Anhang_II_ohne_4_1-600x495.jpg 600w, https:\/\/pakumed.de\/wp-content\/uploads\/2022\/04\/TNC_Anhang_II_ohne_4_1-1024x845.jpg 1024w, https:\/\/pakumed.de\/wp-content\/uploads\/2022\/04\/TNC_Anhang_II_ohne_4_1-768x634.jpg 768w, https:\/\/pakumed.de\/wp-content\/uploads\/2022\/04\/TNC_Anhang_II_ohne_4_1.jpg 1470w\" sizes=\"(max-width: 300px) 100vw, 300px\" \/><\/a>\n\t\t\t<\/div><\/figure><figure class='gallery-item'>\n\t\t\t<div class='gallery-icon landscape'>\n\t\t\t\t<a data-elementor-open-lightbox=\"yes\" data-elementor-lightbox-slideshow=\"5b418e4\" data-elementor-lightbox-title=\"TNC_Anhang_II_ohne_4_2\" data-e-action-hash=\"#elementor-action%3Aaction%3Dlightbox%26settings%3DeyJpZCI6MTQ3MTgsInVybCI6Imh0dHBzOlwvXC9wYWt1bWVkLmRlXC93cC1jb250ZW50XC91cGxvYWRzXC8yMDIyXC8wNVwvVE5DX0FuaGFuZ19JSV9vaG5lXzRfMi5qcGciLCJzbGlkZXNob3ciOiI1YjQxOGU0In0%3D\" href='https:\/\/pakumed.de\/wp-content\/uploads\/2022\/05\/TNC_Anhang_II_ohne_4_2.jpg'><img decoding=\"async\" width=\"300\" height=\"213\" src=\"https:\/\/pakumed.de\/wp-content\/uploads\/2022\/05\/TNC_Anhang_II_ohne_4_2-300x213.jpg\" class=\"attachment-medium size-medium\" alt=\"\" srcset=\"https:\/\/pakumed.de\/wp-content\/uploads\/2022\/05\/TNC_Anhang_II_ohne_4_2-300x213.jpg 300w, https:\/\/pakumed.de\/wp-content\/uploads\/2022\/05\/TNC_Anhang_II_ohne_4_2-600x427.jpg 600w, https:\/\/pakumed.de\/wp-content\/uploads\/2022\/05\/TNC_Anhang_II_ohne_4_2-1024x728.jpg 1024w, https:\/\/pakumed.de\/wp-content\/uploads\/2022\/05\/TNC_Anhang_II_ohne_4_2-768x546.jpg 768w, https:\/\/pakumed.de\/wp-content\/uploads\/2022\/05\/TNC_Anhang_II_ohne_4_2.jpg 1455w\" sizes=\"(max-width: 300px) 100vw, 300px\" \/><\/a>\n\t\t\t<\/div><\/figure>\n\t\t<\/div>\n\t\t<\/div>\n\t\t\t\t\t\t<\/div>\n\t\t\t\t<\/div>\n\t\t\t\t\t<\/div>\n\t\t<\/div>\n\t\t\t\t\t<\/div>\n\t\t<\/section>\n\t\t\t\t<section class=\"elementor-section elementor-inner-section elementor-element elementor-element-e53f16f elementor-section-boxed elementor-section-height-default elementor-section-height-default\" data-id=\"e53f16f\" data-element_type=\"section\" data-e-type=\"section\">\n\t\t\t\t\t\t<div class=\"elementor-container elementor-column-gap-default\">\n\t\t\t\t\t<div class=\"elementor-column elementor-col-100 elementor-inner-column elementor-element elementor-element-a747c98\" data-id=\"a747c98\" data-element_type=\"column\" data-e-type=\"column\">\n\t\t\t<div class=\"elementor-widget-wrap elementor-element-populated\">\n\t\t\t\t\t\t<div class=\"elementor-element elementor-element-e8561d5 elementor-widget elementor-widget-heading\" data-id=\"e8561d5\" data-element_type=\"widget\" data-e-type=\"widget\" data-widget_type=\"heading.default\">\n\t\t\t\t<div class=\"elementor-widget-container\">\n\t\t\t\t\t<h3 class=\"elementor-heading-title elementor-size-default\">T\u00dcV NORD Annex II.4<\/h3>\t\t\t\t<\/div>\n\t\t\t\t<\/div>\n\t\t\t\t<div class=\"elementor-element elementor-element-ef14014 gallery-spacing-custom elementor-widget elementor-widget-image-gallery\" data-id=\"ef14014\" data-element_type=\"widget\" data-e-type=\"widget\" data-widget_type=\"image-gallery.default\">\n\t\t\t\t<div class=\"elementor-widget-container\">\n\t\t\t\t\t\t\t<div class=\"elementor-image-gallery\">\n\t\t\t<div id='gallery-3' class='gallery galleryid-14994 gallery-columns-2 gallery-size-medium'><figure class='gallery-item'>\n\t\t\t<div class='gallery-icon landscape'>\n\t\t\t\t<a data-elementor-open-lightbox=\"yes\" data-elementor-lightbox-slideshow=\"ef14014\" data-elementor-lightbox-title=\"TNC_Anhang_II\" data-e-action-hash=\"#elementor-action%3Aaction%3Dlightbox%26settings%3DeyJpZCI6MTQ2ODUsInVybCI6Imh0dHBzOlwvXC9wYWt1bWVkLmRlXC93cC1jb250ZW50XC91cGxvYWRzXC8yMDIyXC8wNFwvVE5DX0FuaGFuZ19JSS5qcGciLCJzbGlkZXNob3ciOiJlZjE0MDE0In0%3D\" href='https:\/\/pakumed.de\/wp-content\/uploads\/2022\/04\/TNC_Anhang_II.jpg'><img loading=\"lazy\" decoding=\"async\" width=\"300\" height=\"268\" src=\"https:\/\/pakumed.de\/wp-content\/uploads\/2022\/04\/TNC_Anhang_II-300x268.jpg\" class=\"attachment-medium size-medium\" alt=\"\" srcset=\"https:\/\/pakumed.de\/wp-content\/uploads\/2022\/04\/TNC_Anhang_II-300x268.jpg 300w, https:\/\/pakumed.de\/wp-content\/uploads\/2022\/04\/TNC_Anhang_II-600x536.jpg 600w, https:\/\/pakumed.de\/wp-content\/uploads\/2022\/04\/TNC_Anhang_II-1024x914.jpg 1024w, https:\/\/pakumed.de\/wp-content\/uploads\/2022\/04\/TNC_Anhang_II-768x686.jpg 768w, https:\/\/pakumed.de\/wp-content\/uploads\/2022\/04\/TNC_Anhang_II-1536x1371.jpg 1536w, https:\/\/pakumed.de\/wp-content\/uploads\/2022\/04\/TNC_Anhang_II.jpg 1585w\" sizes=\"(max-width: 300px) 100vw, 300px\" \/><\/a>\n\t\t\t<\/div><\/figure><figure class='gallery-item'>\n\t\t\t<div class='gallery-icon landscape'>\n\t\t\t\t<a data-elementor-open-lightbox=\"yes\" data-elementor-lightbox-slideshow=\"ef14014\" data-elementor-lightbox-title=\"TNC_Anhang_II.4\" data-e-action-hash=\"#elementor-action%3Aaction%3Dlightbox%26settings%3DeyJpZCI6MTQ3MTksInVybCI6Imh0dHBzOlwvXC9wYWt1bWVkLmRlXC93cC1jb250ZW50XC91cGxvYWRzXC8yMDIyXC8wNVwvVE5DX0FuaGFuZ19JSS40LmpwZyIsInNsaWRlc2hvdyI6ImVmMTQwMTQifQ%3D%3D\" href='https:\/\/pakumed.de\/wp-content\/uploads\/2022\/05\/TNC_Anhang_II.4.jpg'><img loading=\"lazy\" decoding=\"async\" width=\"300\" height=\"262\" src=\"https:\/\/pakumed.de\/wp-content\/uploads\/2022\/05\/TNC_Anhang_II.4-300x262.jpg\" class=\"attachment-medium size-medium\" alt=\"\" srcset=\"https:\/\/pakumed.de\/wp-content\/uploads\/2022\/05\/TNC_Anhang_II.4-300x262.jpg 300w, https:\/\/pakumed.de\/wp-content\/uploads\/2022\/05\/TNC_Anhang_II.4-600x524.jpg 600w, https:\/\/pakumed.de\/wp-content\/uploads\/2022\/05\/TNC_Anhang_II.4-1024x895.jpg 1024w, https:\/\/pakumed.de\/wp-content\/uploads\/2022\/05\/TNC_Anhang_II.4-768x671.jpg 768w, https:\/\/pakumed.de\/wp-content\/uploads\/2022\/05\/TNC_Anhang_II.4.jpg 1430w\" sizes=\"(max-width: 300px) 100vw, 300px\" \/><\/a>\n\t\t\t<\/div><\/figure>\n\t\t<\/div>\n\t\t<\/div>\n\t\t\t\t\t\t<\/div>\n\t\t\t\t<\/div>\n\t\t\t\t<div class=\"elementor-element elementor-element-5965ac4 elementor-align-center elementor-mobile-align-center elementor-widget elementor-widget-button\" data-id=\"5965ac4\" data-element_type=\"widget\" data-e-type=\"widget\" data-widget_type=\"button.default\">\n\t\t\t\t<div class=\"elementor-widget-container\">\n\t\t\t\t\t\t\t\t\t<div class=\"elementor-button-wrapper\">\n\t\t\t\t\t<a class=\"elementor-button elementor-button-link elementor-size-sm elementor-animation-grow\" href=\"https:\/\/pakumed.de\/wp-content\/uploads\/2022\/04\/TNC_Anhang_II4.pdf\" target=\"_blank\">\n\t\t\t\t\t\t<span class=\"elementor-button-content-wrapper\">\n\t\t\t\t\t\t\t\t\t<span class=\"elementor-button-text\">Download<\/span>\n\t\t\t\t\t<\/span>\n\t\t\t\t\t<\/a>\n\t\t\t\t<\/div>\n\t\t\t\t\t\t\t\t<\/div>\n\t\t\t\t<\/div>\n\t\t\t\t\t<\/div>\n\t\t<\/div>\n\t\t\t\t\t<\/div>\n\t\t<\/section>\n\t\t\t\t<section class=\"elementor-section elementor-inner-section elementor-element elementor-element-e6a32b0 elementor-section-boxed elementor-section-height-default elementor-section-height-default\" data-id=\"e6a32b0\" data-element_type=\"section\" data-e-type=\"section\">\n\t\t\t\t\t\t<div class=\"elementor-container elementor-column-gap-default\">\n\t\t\t\t\t<div class=\"elementor-column elementor-col-100 elementor-inner-column elementor-element elementor-element-c9cd0b4\" data-id=\"c9cd0b4\" data-element_type=\"column\" data-e-type=\"column\">\n\t\t\t<div class=\"elementor-widget-wrap elementor-element-populated\">\n\t\t\t\t\t\t<div class=\"elementor-element elementor-element-03efaa5 elementor-widget elementor-widget-heading\" data-id=\"03efaa5\" data-element_type=\"widget\" data-e-type=\"widget\" data-widget_type=\"heading.default\">\n\t\t\t\t<div class=\"elementor-widget-container\">\n\t\t\t\t\t<h3 class=\"elementor-heading-title elementor-size-default\">T\u00dcV NORD Annex V<\/h3>\t\t\t\t<\/div>\n\t\t\t\t<\/div>\n\t\t\t\t<div class=\"elementor-element elementor-element-712a977 gallery-spacing-custom elementor-widget elementor-widget-image-gallery\" data-id=\"712a977\" data-element_type=\"widget\" data-e-type=\"widget\" data-widget_type=\"image-gallery.default\">\n\t\t\t\t<div class=\"elementor-widget-container\">\n\t\t\t\t\t\t\t<div class=\"elementor-image-gallery\">\n\t\t\t<div id='gallery-4' class='gallery galleryid-14994 gallery-columns-4 gallery-size-full'><figure class='gallery-item'>\n\t\t\t<div class='gallery-icon landscape'>\n\t\t\t\t<a data-elementor-open-lightbox=\"yes\" data-elementor-lightbox-slideshow=\"712a977\" data-elementor-lightbox-title=\"TNC_Anhang_V_1\" data-e-action-hash=\"#elementor-action%3Aaction%3Dlightbox%26settings%3DeyJpZCI6MTQ2ODcsInVybCI6Imh0dHBzOlwvXC9wYWt1bWVkLmRlXC93cC1jb250ZW50XC91cGxvYWRzXC8yMDIyXC8wNFwvVE5DX0FuaGFuZ19WXzEuanBnIiwic2xpZGVzaG93IjoiNzEyYTk3NyJ9\" href='https:\/\/pakumed.de\/wp-content\/uploads\/2022\/04\/TNC_Anhang_V_1.jpg'><img loading=\"lazy\" decoding=\"async\" width=\"1437\" height=\"945\" src=\"https:\/\/pakumed.de\/wp-content\/uploads\/2022\/04\/TNC_Anhang_V_1.jpg\" class=\"attachment-full size-full\" alt=\"\" srcset=\"https:\/\/pakumed.de\/wp-content\/uploads\/2022\/04\/TNC_Anhang_V_1.jpg 1437w, https:\/\/pakumed.de\/wp-content\/uploads\/2022\/04\/TNC_Anhang_V_1-600x395.jpg 600w, https:\/\/pakumed.de\/wp-content\/uploads\/2022\/04\/TNC_Anhang_V_1-300x197.jpg 300w, https:\/\/pakumed.de\/wp-content\/uploads\/2022\/04\/TNC_Anhang_V_1-1024x673.jpg 1024w, https:\/\/pakumed.de\/wp-content\/uploads\/2022\/04\/TNC_Anhang_V_1-768x505.jpg 768w\" sizes=\"(max-width: 1437px) 100vw, 1437px\" \/><\/a>\n\t\t\t<\/div><\/figure><figure class='gallery-item'>\n\t\t\t<div class='gallery-icon landscape'>\n\t\t\t\t<a data-elementor-open-lightbox=\"yes\" data-elementor-lightbox-slideshow=\"712a977\" data-elementor-lightbox-title=\"TNC_Anhang_V_2\" data-e-action-hash=\"#elementor-action%3Aaction%3Dlightbox%26settings%3DeyJpZCI6MTQ3MjAsInVybCI6Imh0dHBzOlwvXC9wYWt1bWVkLmRlXC93cC1jb250ZW50XC91cGxvYWRzXC8yMDIyXC8wNVwvVE5DX0FuaGFuZ19WXzIuanBnIiwic2xpZGVzaG93IjoiNzEyYTk3NyJ9\" href='https:\/\/pakumed.de\/wp-content\/uploads\/2022\/05\/TNC_Anhang_V_2.jpg'><img loading=\"lazy\" decoding=\"async\" width=\"1428\" height=\"1324\" src=\"https:\/\/pakumed.de\/wp-content\/uploads\/2022\/05\/TNC_Anhang_V_2.jpg\" class=\"attachment-full size-full\" alt=\"\" srcset=\"https:\/\/pakumed.de\/wp-content\/uploads\/2022\/05\/TNC_Anhang_V_2.jpg 1428w, https:\/\/pakumed.de\/wp-content\/uploads\/2022\/05\/TNC_Anhang_V_2-600x556.jpg 600w, https:\/\/pakumed.de\/wp-content\/uploads\/2022\/05\/TNC_Anhang_V_2-300x278.jpg 300w, https:\/\/pakumed.de\/wp-content\/uploads\/2022\/05\/TNC_Anhang_V_2-1024x949.jpg 1024w, https:\/\/pakumed.de\/wp-content\/uploads\/2022\/05\/TNC_Anhang_V_2-768x712.jpg 768w\" sizes=\"(max-width: 1428px) 100vw, 1428px\" \/><\/a>\n\t\t\t<\/div><\/figure><figure class='gallery-item'>\n\t\t\t<div class='gallery-icon landscape'>\n\t\t\t\t<a data-elementor-open-lightbox=\"yes\" data-elementor-lightbox-slideshow=\"712a977\" data-elementor-lightbox-title=\"TNC_Anhang_V_3\" data-e-action-hash=\"#elementor-action%3Aaction%3Dlightbox%26settings%3DeyJpZCI6MTQ3MjEsInVybCI6Imh0dHBzOlwvXC9wYWt1bWVkLmRlXC93cC1jb250ZW50XC91cGxvYWRzXC8yMDIyXC8wNVwvVE5DX0FuaGFuZ19WXzMuanBnIiwic2xpZGVzaG93IjoiNzEyYTk3NyJ9\" href='https:\/\/pakumed.de\/wp-content\/uploads\/2022\/05\/TNC_Anhang_V_3.jpg'><img loading=\"lazy\" decoding=\"async\" width=\"1446\" height=\"976\" src=\"https:\/\/pakumed.de\/wp-content\/uploads\/2022\/05\/TNC_Anhang_V_3.jpg\" class=\"attachment-full size-full\" alt=\"\" srcset=\"https:\/\/pakumed.de\/wp-content\/uploads\/2022\/05\/TNC_Anhang_V_3.jpg 1446w, https:\/\/pakumed.de\/wp-content\/uploads\/2022\/05\/TNC_Anhang_V_3-600x405.jpg 600w, https:\/\/pakumed.de\/wp-content\/uploads\/2022\/05\/TNC_Anhang_V_3-300x202.jpg 300w, https:\/\/pakumed.de\/wp-content\/uploads\/2022\/05\/TNC_Anhang_V_3-1024x691.jpg 1024w, https:\/\/pakumed.de\/wp-content\/uploads\/2022\/05\/TNC_Anhang_V_3-768x518.jpg 768w\" sizes=\"(max-width: 1446px) 100vw, 1446px\" \/><\/a>\n\t\t\t<\/div><\/figure><figure class='gallery-item'>\n\t\t\t<div class='gallery-icon landscape'>\n\t\t\t\t<a data-elementor-open-lightbox=\"yes\" data-elementor-lightbox-slideshow=\"712a977\" data-elementor-lightbox-title=\"TNC_Anhang_V_4\" data-e-action-hash=\"#elementor-action%3Aaction%3Dlightbox%26settings%3DeyJpZCI6MTQ3MjIsInVybCI6Imh0dHBzOlwvXC9wYWt1bWVkLmRlXC93cC1jb250ZW50XC91cGxvYWRzXC8yMDIyXC8wNVwvVE5DX0FuaGFuZ19WXzQuanBnIiwic2xpZGVzaG93IjoiNzEyYTk3NyJ9\" href='https:\/\/pakumed.de\/wp-content\/uploads\/2022\/05\/TNC_Anhang_V_4.jpg'><img loading=\"lazy\" decoding=\"async\" width=\"1467\" height=\"989\" src=\"https:\/\/pakumed.de\/wp-content\/uploads\/2022\/05\/TNC_Anhang_V_4.jpg\" class=\"attachment-full size-full\" alt=\"\" srcset=\"https:\/\/pakumed.de\/wp-content\/uploads\/2022\/05\/TNC_Anhang_V_4.jpg 1467w, https:\/\/pakumed.de\/wp-content\/uploads\/2022\/05\/TNC_Anhang_V_4-600x404.jpg 600w, https:\/\/pakumed.de\/wp-content\/uploads\/2022\/05\/TNC_Anhang_V_4-300x202.jpg 300w, https:\/\/pakumed.de\/wp-content\/uploads\/2022\/05\/TNC_Anhang_V_4-1024x690.jpg 1024w, https:\/\/pakumed.de\/wp-content\/uploads\/2022\/05\/TNC_Anhang_V_4-768x518.jpg 768w\" sizes=\"(max-width: 1467px) 100vw, 1467px\" \/><\/a>\n\t\t\t<\/div><\/figure>\n\t\t<\/div>\n\t\t<\/div>\n\t\t\t\t\t\t<\/div>\n\t\t\t\t<\/div>\n\t\t\t\t<div class=\"elementor-element elementor-element-111fc59 elementor-align-center elementor-mobile-align-center elementor-widget elementor-widget-button\" data-id=\"111fc59\" data-element_type=\"widget\" data-e-type=\"widget\" data-widget_type=\"button.default\">\n\t\t\t\t<div class=\"elementor-widget-container\">\n\t\t\t\t\t\t\t\t\t<div class=\"elementor-button-wrapper\">\n\t\t\t\t\t<a class=\"elementor-button elementor-button-link elementor-size-sm elementor-animation-grow\" href=\"https:\/\/pakumed.de\/wp-content\/uploads\/2022\/04\/TNC_Anhang_V.pdf\" target=\"_blank\">\n\t\t\t\t\t\t<span class=\"elementor-button-content-wrapper\">\n\t\t\t\t\t\t\t\t\t<span class=\"elementor-button-text\">Download<\/span>\n\t\t\t\t\t<\/span>\n\t\t\t\t\t<\/a>\n\t\t\t\t<\/div>\n\t\t\t\t\t\t\t\t<\/div>\n\t\t\t\t<\/div>\n\t\t\t\t\t<\/div>\n\t\t<\/div>\n\t\t\t\t\t<\/div>\n\t\t<\/section>\n\t\t\t\t\t<\/div>\n\t\t<\/div>\n\t\t\t\t\t<\/div>\n\t\t<\/section>\n\t\t\t\t<\/div>\n\t\t","protected":false},"excerpt":{"rendered":"<p>Our Certificates We are currently in the transition phase from the Medical Device Regulation 93\/42\/EEC (MDD) to the European Medical Device Regulation 2017\/745 (MDR). Upon request, we will gladly send you the confirmation letter of our Notified Body. (Status: 25.06.2024) T\u00dcV NORD ISO 13485 Download T\u00dcV NORD Annex II without 4 Download T\u00dcV NORD Annex [&hellip;]<\/p>\n","protected":false},"author":1,"featured_media":0,"parent":0,"menu_order":0,"comment_status":"closed","ping_status":"closed","template":"","meta":{"_acf_changed":false,"footnotes":""},"class_list":["post-14994","page","type-page","status-publish","hentry"],"acf":[],"publishpress_future_action":{"enabled":false,"date":"2026-05-19 13:24:36","action":"change-status","newStatus":"draft","terms":[],"taxonomy":"translation_priority","extraData":[]},"publishpress_future_workflow_manual_trigger":{"enabledWorkflows":[]},"_links":{"self":[{"href":"https:\/\/pakumed.de\/en\/wp-json\/wp\/v2\/pages\/14994","targetHints":{"allow":["GET"]}}],"collection":[{"href":"https:\/\/pakumed.de\/en\/wp-json\/wp\/v2\/pages"}],"about":[{"href":"https:\/\/pakumed.de\/en\/wp-json\/wp\/v2\/types\/page"}],"author":[{"embeddable":true,"href":"https:\/\/pakumed.de\/en\/wp-json\/wp\/v2\/users\/1"}],"replies":[{"embeddable":true,"href":"https:\/\/pakumed.de\/en\/wp-json\/wp\/v2\/comments?post=14994"}],"version-history":[{"count":37,"href":"https:\/\/pakumed.de\/en\/wp-json\/wp\/v2\/pages\/14994\/revisions"}],"predecessor-version":[{"id":19731,"href":"https:\/\/pakumed.de\/en\/wp-json\/wp\/v2\/pages\/14994\/revisions\/19731"}],"wp:attachment":[{"href":"https:\/\/pakumed.de\/en\/wp-json\/wp\/v2\/media?parent=14994"}],"curies":[{"name":"wp","href":"https:\/\/api.w.org\/{rel}","templated":true}]}}